{"id":1068,"date":"2021-10-30T10:42:13","date_gmt":"2021-10-30T13:42:13","guid":{"rendered":"https:\/\/ieselizalde-ers.infd.edu.ar\/sitio\/?page_id=1068"},"modified":"2021-10-30T10:42:14","modified_gmt":"2021-10-30T13:42:14","slug":"congreso-provincial-de-educacion-superior-2022","status":"publish","type":"page","link":"https:\/\/ieselizalde-ers.infd.edu.ar\/sitio\/congreso-provincial-de-educacion-superior-2022\/","title":{"rendered":"Congreso Provincial de Educaci\u00f3n Superior 2022"},"content":{"rendered":"\n<p class=\"has-text-align-center\"><span class=\"has-inline-color has-vivid-cyan-blue-color\"><strong>Abrazo Simb\u00f3lico al Mar\u00eda In\u00e9s Elizalde<\/strong><\/span><\/p>\n\n\n\n<figure class=\"wp-block-image size-large\"><img decoding=\"async\" loading=\"lazy\" width=\"1080\" height=\"1080\" src=\"https:\/\/ieselizalde-ers.infd.edu.ar\/sitio\/wp-content\/uploads\/2021\/10\/249057575_607113987089274_1736298980165363663_n.jpg\" alt=\"\" class=\"wp-image-1069\" srcset=\"https:\/\/ieselizalde-ers.infd.edu.ar\/sitio\/wp-content\/uploads\/2021\/10\/249057575_607113987089274_1736298980165363663_n.jpg 1080w, https:\/\/ieselizalde-ers.infd.edu.ar\/sitio\/wp-content\/uploads\/2021\/10\/249057575_607113987089274_1736298980165363663_n-1000x1000.jpg 1000w, https:\/\/ieselizalde-ers.infd.edu.ar\/sitio\/wp-content\/uploads\/2021\/10\/249057575_607113987089274_1736298980165363663_n-500x500.jpg 500w, https:\/\/ieselizalde-ers.infd.edu.ar\/sitio\/wp-content\/uploads\/2021\/10\/249057575_607113987089274_1736298980165363663_n-768x768.jpg 768w\" sizes=\"(max-width: 1080px) 100vw, 1080px\" \/><\/figure>\n\n\n\n<p><\/p>\n","protected":false},"excerpt":{"rendered":"<p>Abrazo Simb\u00f3lico al Mar\u00eda In\u00e9s Elizalde<\/p>\n","protected":false},"author":594,"featured_media":0,"parent":0,"menu_order":0,"comment_status":"closed","ping_status":"closed","template":"","meta":[],"acf":[],"_links":{"self":[{"href":"https:\/\/ieselizalde-ers.infd.edu.ar\/sitio\/wp-json\/wp\/v2\/pages\/1068"}],"collection":[{"href":"https:\/\/ieselizalde-ers.infd.edu.ar\/sitio\/wp-json\/wp\/v2\/pages"}],"about":[{"href":"https:\/\/ieselizalde-ers.infd.edu.ar\/sitio\/wp-json\/wp\/v2\/types\/page"}],"author":[{"embeddable":true,"href":"https:\/\/ieselizalde-ers.infd.edu.ar\/sitio\/wp-json\/wp\/v2\/users\/594"}],"replies":[{"embeddable":true,"href":"https:\/\/ieselizalde-ers.infd.edu.ar\/sitio\/wp-json\/wp\/v2\/comments?post=1068"}],"version-history":[{"count":2,"href":"https:\/\/ieselizalde-ers.infd.edu.ar\/sitio\/wp-json\/wp\/v2\/pages\/1068\/revisions"}],"predecessor-version":[{"id":1071,"href":"https:\/\/ieselizalde-ers.infd.edu.ar\/sitio\/wp-json\/wp\/v2\/pages\/1068\/revisions\/1071"}],"wp:attachment":[{"href":"https:\/\/ieselizalde-ers.infd.edu.ar\/sitio\/wp-json\/wp\/v2\/media?parent=1068"}],"curies":[{"name":"wp","href":"https:\/\/api.w.org\/{rel}","templated":true}]}}