{"id":1172,"date":"2024-09-25T19:41:30","date_gmt":"2024-09-25T22:41:30","guid":{"rendered":"https:\/\/ieselizalde-ers.infd.edu.ar\/sitio\/?page_id=1172"},"modified":"2025-12-15T19:09:20","modified_gmt":"2025-12-15T22:09:20","slug":"propuesta-academicas","status":"publish","type":"page","link":"https:\/\/ieselizalde-ers.infd.edu.ar\/sitio\/propuesta-academicas\/","title":{"rendered":"PROPUESTA ACAD\u00c9MICAS"},"content":{"rendered":"\n<!DOCTYPE html>\n<html lang=\"es\">\n<head>\n    <meta charset=\"UTF-8\">\n    <meta name=\"viewport\" content=\"width=device-width, initial-scale=1.0\">\n    <meta name=\"description\" content=\"Propuestas Acad\u00e9micas del Instituto Superior Elizalde\">\n    <meta name=\"keywords\" content=\"propuestas acad\u00e9micas, instituto, educaci\u00f3n, profesorados, enfermer\u00eda\">\n    <meta name=\"author\" content=\"Instituto Superior Elizalde\">\n    <title>Propuestas Acad\u00e9micas &#8211; Instituto Superior Elizalde<\/title>\n    <!-- Font Awesome Icons -->\n    <link rel=\"stylesheet\" href=\"https:\/\/cdnjs.cloudflare.com\/ajax\/libs\/font-awesome\/6.5.0\/css\/all.min.css \">\n    <style>\n        body {\n            font-family: 'Arial', sans-serif;\n            margin: 0;\n            padding: 0;\n            line-height: 1.6;\n            color: #333;\n            background-color: #f9f9f9;\n        }\n        header {\n            background-color: #1a73e8; \/* Azul suave *\/\n            color: white;\n            text-align: center;\n            padding: 2rem 1rem;\n        }\n        header h1 {\n            font-size: 2.5rem;\n            margin: 0;\n        }\n        .container {\n            max-width: 1200px;\n            margin: 0 auto;\n            padding: 2rem;\n        }\n        .section {\n            margin-bottom: 2rem;\n        }\n        .section h2 {\n            font-size: 2rem;\n            color: #1a73e8; \/* Azul suave *\/\n            margin-bottom: 1rem;\n        }\n        .academic-grid {\n            display: grid;\n            grid-template-columns: repeat(auto-fit, minmax(250px, 1fr));\n            gap: 1.5rem;\n        }\n        .academic-card {\n            background-color: #ffffff;\n            border: 1px solid #ddd;\n            border-radius: 8px;\n            padding: 1.5rem;\n            text-align: center;\n            box-shadow: 0 4px 6px rgba(0, 0, 0, 0.1);\n            transition: transform 0.3s ease, box-shadow 0.3s ease;\n        }\n        .academic-card:hover {\n            transform: translateY(-5px);\n            box-shadow: 0 6px 12px rgba(0, 0, 0, 0.15);\n        }\n        .academic-card i {\n            font-size: 2.5rem;\n            color: #1a73e8;\n            margin-bottom: 1rem;\n        }\n        .academic-card h3 {\n            font-size: 1.5rem;\n            margin: 0.5rem 0;\n            color: #1a73e8;\n        }\n        .academic-card p {\n            margin: 0.5rem 0;\n            font-size: 1rem;\n        }\n        .academic-card a {\n            display: inline-block;\n            margin-top: 1rem;\n            padding: 0.75rem 1.5rem;\n            background-color: #05172e;\n            color: white;\n            text-decoration: none;\n            border-radius: 8px;\n            transition: background-color 0.3s ease;\n        }\n        .academic-card a:hover {\n            background-color: #f10707;\n        }\n\n        \/* Secci\u00f3n de Inscripciones *\/\n        .info-section {\n            display: flex;\n            flex-wrap: wrap;\n            gap: 1.5rem;\n            margin-bottom: 2rem;\n        }\n        .info-block {\n            background-color: #ffffff;\n            border: 1px solid #ddd;\n            border-radius: 8px;\n            padding: 1.5rem;\n            flex: 1 1 calc(50% - 1.5rem);\n            box-shadow: 0 4px 6px rgba(0, 0, 0, 0.1);\n        }\n        .info-block h3 {\n            font-size: 1.5rem;\n            color: #1a73e8;\n            margin-bottom: 1rem;\n        }\n        .info-block ul {\n            list-style: none;\n            padding: 0;\n        }\n        .info-block li {\n            margin-bottom: 0.5rem;\n            font-size: 1rem;\n        }\n        .info-block i {\n            margin-right: 0.5rem;\n            color: #1a73e8;\n        }\n\n       \/* Secci\u00f3n de Normativas *\/\n        .normativas-section {\n            display: flex;\n            align-items: center;\n            justify-content: space-between;\n            background-color: #ffffff;\n            border: 1px solid #ddd;\n            border-radius: 8px;\n            padding: 1.5rem;\n            box-shadow: 0 4px 6px rgba(0, 0, 0, 0.1);\n            margin-bottom: 2rem;\n        }\n        .normativas-section h2 {\n            font-size: 2rem;\n            color: #1a73e8;\n            margin-bottom: 1rem;\n        }\n        .normativas-list {\n            flex: 1;\n        }\n        .normativas-list ul {\n            list-style: none;\n            padding: 0;\n        }\n        .normativas-list li {\n            margin-bottom: 0.5rem;\n            font-size: 1rem;\n        }\n        .normativas-list i {\n            margin-right: 0.5rem;\n            color: #1a73e8;\n        }\n        .normativas-list a {\n            color: #1a73e8;\n            text-decoration: none;\n            font-weight: bold;\n        }\n        .normativas-list a:hover {\n            text-decoration: underline;\n        }\n        .normativas-logo {\n            flex: 1;\n            text-align: right;\n        }\n        .normativas-logo img {\n            max-width: 100%;\n            height: auto;\n            border-radius: 8px;\n        }\n\n        \/* Footer *\/\n        footer {\n            background-color: #333;\n            color: white;\n            text-align: center;\n            padding: 1.5rem;\n        }\n        footer a {\n            color: white;\n            text-decoration: none;\n        }\n        footer a:hover {\n            text-decoration: underline;\n        }\n\n        @media (max-width: 768px) {\n            .info-section {\n                flex-direction: column;\n            }\n            .info-block {\n                flex: 1 1 100%;\n            }\n            .normativas-section {\n                flex-direction: column;\n                align-items: flex-start;\n            }\n            .normativas-logo {\n                text-align: left;\n                margin-top: 1rem;\n            }\n        }\n    <\/style>\n<\/head>\n<body>\n\n    <div class=\"container\">\n        <div class=\"section\">\n            <div class=\"academic-grid\">\n                <div class=\"academic-card\">\n                    <i class=\"fas fa-flask\"><\/i>\n                    <h3>Profesorado en Biolog\u00eda<\/h3>\n                    <p><strong>Resoluci\u00f3n:<\/strong> N\u00ba 0761\/14 CGE<\/p>\n                    <p><strong>Duraci\u00f3n:<\/strong> 4 a\u00f1os<\/p>\n                    <a href=\"https:\/\/ieselizalde-ers.infd.edu.ar\/sitio\/biologia\/\">M\u00e1s informaci\u00f3n<\/a>\n                <\/div>\n                <div class=\"academic-card\">\n                    <i class=\"fas fa-globe-americas\"><\/i>\n                    <h3>Profesorado en Ciencia Pol\u00edtica<\/h3>\n                    <p><strong>Resoluci\u00f3n:<\/strong> N\u00ba 4800\/15 CGE<\/p>\n                    <p><strong>Duraci\u00f3n:<\/strong> 4 a\u00f1os<\/p>\n                    <a href=\"https:\/\/ieselizalde-ers.infd.edu.ar\/sitio\/ciencia-politica\/\">M\u00e1s informaci\u00f3n<\/a>\n                <\/div>\n                <div class=\"academic-card\">\n                    <i class=\"fas fa-atom\"><\/i>\n                    <h3>Profesorado en F\u00edsica<\/h3>\n                    <p><strong>Resoluci\u00f3n:<\/strong> N\u00ba 0758\/14 CGE<\/p>\n                    <p><strong>Duraci\u00f3n:<\/strong> 4 a\u00f1os<\/p>\n                    <a href=\"https:\/\/ieselizalde-ers.infd.edu.ar\/sitio\/fisica\/\">M\u00e1s informaci\u00f3n<\/a>\n                <\/div>\n                <div class=\"academic-card\">\n                    <i class=\"fas fa-map-marked-alt\"><\/i>\n                    <h3>Profesorado en Geograf\u00eda<\/h3>\n                    <p><strong>Resoluci\u00f3n:<\/strong> N\u00ba 0766\/14 CGE<\/p>\n                    <p><strong>Duraci\u00f3n:<\/strong> 4 a\u00f1os<\/p>\n                    <a href=\"https:\/\/ieselizalde-ers.infd.edu.ar\/sitio\/geografia\/\">M\u00e1s informaci\u00f3n<\/a>\n                <\/div>\n                <div class=\"academic-card\">\n                    <i class=\"fas fa-calculator\"><\/i>\n                    <h3>Profesorado en Matem\u00e1tica<\/h3>\n                    <p><strong>Resoluci\u00f3n:<\/strong> N\u00ba 0764\/14 CGE<\/p>\n                    <p><strong>Duraci\u00f3n:<\/strong> 4 a\u00f1os<\/p>\n                    <a href=\"https:\/\/ieselizalde-ers.infd.edu.ar\/sitio\/matematica\/\">M\u00e1s informaci\u00f3n<\/a>\n                <\/div>\n                <div class=\"academic-card\">\n                    <i class=\"fas fa-vials\"><\/i>\n                    <h3>Profesorado en Qu\u00edmica<\/h3>\n                    <p><strong>Resoluci\u00f3n:<\/strong> N\u00ba 0762\/14 CGE<\/p>\n                    <p><strong>Duraci\u00f3n:<\/strong> 4 a\u00f1os<\/p>\n                    <a href=\"https:\/\/ieselizalde-ers.infd.edu.ar\/sitio\/quimica\/\">M\u00e1s informaci\u00f3n<\/a>\n                <\/div>\n                <!-- <div class=\"academic-card\">\n                    <i class=\"fas fa-brain\"><\/i>\n                    <h3>Profesorado en Psicolog\u00eda<\/h3>\n                    <p><strong>Resoluci\u00f3n:<\/strong> N\u00ba 4797\/15 CGE<\/p>\n                    <p><strong>Duraci\u00f3n:<\/strong> 4 a\u00f1os<\/p>\n                    <a href=\"#\">M\u00e1s informaci\u00f3n<\/a>\n                <\/div> -->\n                <div class=\"academic-card\">\n                    <i class=\"fas fa-stethoscope\"><\/i>\n                    <h3>Tecnicatura en Enfermer\u00eda<\/h3>\n                    <p><strong>Resoluci\u00f3n:<\/strong> N\u00ba 0620\/15 CGE<\/p>\n                    <p><strong>Duraci\u00f3n:<\/strong> 3 a\u00f1os<\/p>\n                    <a href=\"https:\/\/ieselizalde-ers.infd.edu.ar\/sitio\/tecnicatura-superior-en-enfermeria\/\">M\u00e1s informaci\u00f3n<\/a>\n                <\/div>\n            <\/div>\n        <\/div>\n\n        <div class=\"section\">\n            <h2>Inscripciones<\/h2>\n            <div class=\"info-section\">\n                <div class=\"info-block\">\n                    <h3>\u00bfD\u00f3nde inscribirte?<\/h3>\n                    <p><strong>Fechas:<\/strong> Hasta el 19 de diciembre 2025, continuando luego del receso hasta 10 marzo 2026<\/p>\n                    <p><strong>Horario:<\/strong> Lunes a Viernes de 18 a 22 horas<\/p>\n                    <p><strong>Lugar:<\/strong> Gervasio M\u00e9ndez 676 \u2013 Gualeguaych\u00fa (2820), Entre R\u00edos<\/p>\n                    <p><strong>Contacto:<\/strong> <a href=\"mailto:isfd.gh@entrerios.edu.ar\">isfd.gh@entrerios.edu.ar<\/a><\/p>\n                <\/div>\n                <div class=\"info-block\">\n                    <h3>Requisitos<\/h3>\n                    <ul>\n                        <li><i class=\"fas fa-check-circle\"><\/i> T\u00edtulo Secundario o Certificado de t\u00edtulo en tr\u00e1mite<\/li>\n                        <li><i class=\"fas fa-check-circle\"><\/i> Constancia de Alumno Regular \/ Egreso Adeudando Materias<\/li>\n                        <li><i class=\"fas fa-check-circle\"><\/i> Partida de Nacimiento<\/li>\n                        <li><i class=\"fas fa-check-circle\"><\/i> Constancia de CUIL<\/li>\n                        <li><i class=\"fas fa-check-circle\"><\/i> Documento Nacional de Identidad (DNI)<\/li>\n                        <li><i class=\"fas fa-check-circle\"><\/i> CUD (en caso de ser necesario)<\/li>\n                    <\/ul>\n                <\/div>\n            <\/div>\n        <\/div>\n\n        <!-- Secci\u00f3n de Normativas -->\n        <div class=\"section\">\n            <div class=\"normativas-section\">\n                <div class=\"normativas-list\">\n                    <h2>Normativas<\/h2>\n                    <ul>\n                        <li><i class=\"fas fa-file-pdf\"><\/i> <a href=\"upload\/ley_de_educ_nac.pdf\" target=\"_blank\" rel=\"noopener\">Ley Nacional de Educaci\u00f3n<\/a><\/li>\n                        <li><i class=\"fas fa-file-pdf\"><\/i> <a href=\"upload\/ley9890leyprovincialdeeducacion.doc\" target=\"_blank\" rel=\"noopener\">Ley Provincial de Educaci\u00f3n<\/a><\/li>\n                        <li><i class=\"fas fa-file-pdf\"><\/i> <a href=\"upload\/LEY_DE_EDUCACION_SUPERIOR.doc\" target=\"_blank\" rel=\"noopener\">Ley de Educaci\u00f3n Superior<\/a><\/li>\n                        <li><i class=\"fas fa-file-pdf\"><\/i> <a href=\"upload\/Estatuto_del_Docente_Entrerriano.doc\" target=\"_blank\" rel=\"noopener\">Estatuto del Docente Entrerriano<\/a><\/li>\n                    <\/ul>\n                <\/div>\n                <div class=\"normativas-logo\">\n                    <img decoding=\"async\" src=\"https:\/\/ieselizalde-ers.infd.edu.ar\/sitio\/wp-content\/uploads\/2024\/09\/LogoCGE.jpeg \" alt=\"Logo CGE\">\n                <\/div>\n            <\/div>\n        <\/div>\n    <\/div>\n\n    <footer>\n        <p>\u00a9 2025 Instituto Superior de Formaci\u00f3n Docente Mar\u00eda In\u00e9s Elizalde. Todos los derechos reservados.<\/p>\n        <p><i class=\"fas fa-envelope\"><\/i><\/p>\n        <p><a href=\"mailto:isfd.gh@entrerios.edu.ar\">Email de Contacto<\/a><\/p>\n    <\/footer>\n<\/body>\n<\/html>\n","protected":false},"excerpt":{"rendered":"<p>Propuestas Acad\u00e9micas &#8211; Instituto Superior Elizalde Profesorado en Biolog\u00eda Resoluci\u00f3n: N\u00ba 0761\/14 CGE Duraci\u00f3n: 4 a\u00f1os M\u00e1s informaci\u00f3n Profesorado en Ciencia Pol\u00edtica Resoluci\u00f3n: N\u00ba 4800\/15 CGE Duraci\u00f3n: 4 a\u00f1os M\u00e1s informaci\u00f3n Profesorado en F\u00edsica Resoluci\u00f3n: N\u00ba 0758\/14 CGE Duraci\u00f3n: 4 a\u00f1os M\u00e1s informaci\u00f3n Profesorado en Geograf\u00eda Resoluci\u00f3n: N\u00ba 0766\/14 CGE Duraci\u00f3n: 4 a\u00f1os M\u00e1s informaci\u00f3n &#8230; <a title=\"PROPUESTA ACAD\u00c9MICAS\" class=\"read-more\" href=\"https:\/\/ieselizalde-ers.infd.edu.ar\/sitio\/propuesta-academicas\/\" aria-label=\"More on PROPUESTA ACAD\u00c9MICAS\">[+]<\/a><\/p>\n","protected":false},"author":4927,"featured_media":0,"parent":0,"menu_order":0,"comment_status":"closed","ping_status":"closed","template":"","meta":[],"acf":[],"_links":{"self":[{"href":"https:\/\/ieselizalde-ers.infd.edu.ar\/sitio\/wp-json\/wp\/v2\/pages\/1172"}],"collection":[{"href":"https:\/\/ieselizalde-ers.infd.edu.ar\/sitio\/wp-json\/wp\/v2\/pages"}],"about":[{"href":"https:\/\/ieselizalde-ers.infd.edu.ar\/sitio\/wp-json\/wp\/v2\/types\/page"}],"author":[{"embeddable":true,"href":"https:\/\/ieselizalde-ers.infd.edu.ar\/sitio\/wp-json\/wp\/v2\/users\/4927"}],"replies":[{"embeddable":true,"href":"https:\/\/ieselizalde-ers.infd.edu.ar\/sitio\/wp-json\/wp\/v2\/comments?post=1172"}],"version-history":[{"count":16,"href":"https:\/\/ieselizalde-ers.infd.edu.ar\/sitio\/wp-json\/wp\/v2\/pages\/1172\/revisions"}],"predecessor-version":[{"id":1471,"href":"https:\/\/ieselizalde-ers.infd.edu.ar\/sitio\/wp-json\/wp\/v2\/pages\/1172\/revisions\/1471"}],"wp:attachment":[{"href":"https:\/\/ieselizalde-ers.infd.edu.ar\/sitio\/wp-json\/wp\/v2\/media?parent=1172"}],"curies":[{"name":"wp","href":"https:\/\/api.w.org\/{rel}","templated":true}]}}