{"id":286,"date":"2016-10-31T13:17:59","date_gmt":"2016-10-31T16:17:59","guid":{"rendered":"https:\/\/ieselizalde-ers.infd.edu.ar\/sitio\/?page_id=286"},"modified":"2025-09-01T21:30:48","modified_gmt":"2025-09-02T00:30:48","slug":"inicio","status":"publish","type":"page","link":"https:\/\/ieselizalde-ers.infd.edu.ar\/sitio\/","title":{"rendered":"Inicio"},"content":{"rendered":"<div id=\"metaslider-id-403\" style=\"width: 100%;\" class=\"ml-slider-3-33-0 metaslider metaslider-flex metaslider-403 ml-slider ms-theme-default\" role=\"region\" aria-roledescription=\"Slideshow\" aria-label=\"Slideshow\">\n    <div id=\"metaslider_container_403\">\n        <div id=\"metaslider_403\" class=\"flexslider\">\n            <ul aria-live=\"polite\" class=\"slides\">\n                <li style=\"display: block; width: 100%;\" class=\"slide-607 ms-image\" aria-roledescription=\"slide\" aria-label=\"slide-607\"><a href=\"https:\/\/mapa.infd.edu.ar\/\" target=\"_blank\"><img src=\"https:\/\/ieselizalde-ers.infd.edu.ar\/sitio\/wp-content\/uploads\/2018\/06\/mapa_infd6-1100x200.png\" height=\"200\" width=\"1100\" alt=\"\" class=\"slider-403 slide-607\" title=\"mapa_infd6\" \/><\/a><\/li>\n                <li style=\"display: none; width: 100%;\" class=\"slide-609 ms-image\" aria-roledescription=\"slide\" aria-label=\"slide-609\"><a href=\"https:\/\/www.argentina.gob.ar\/educacion\/becas\" target=\"_blank\"><img src=\"https:\/\/ieselizalde-ers.infd.edu.ar\/sitio\/wp-content\/uploads\/2018\/06\/becas7-1100x200.png\" height=\"200\" width=\"1100\" alt=\"\" class=\"slider-403 slide-609\" title=\"becas7\" \/><\/a><\/li>\n                <li style=\"display: none; width: 100%;\" class=\"slide-635 ms-image\" aria-roledescription=\"slide\" aria-label=\"slide-635\"><a href=\"https:\/\/www.argentina.gob.ar\/tema\/estudiar\/formacion-docencia\" target=\"_blank\"><img src=\"https:\/\/ieselizalde-ers.infd.edu.ar\/sitio\/wp-content\/uploads\/2018\/06\/convocatorias_slide6-1-1100x200.png\" height=\"200\" width=\"1100\" alt=\"\" class=\"slider-403 slide-635\" title=\"convocatorias_slide6-1\" \/><\/a><\/li>\n            <\/ul>\n        <\/div>\n        \n    <\/div>\n<\/div>\n<p>&nbsp;<\/p>\n<p>&nbsp;<\/p>\n<p><!-- Font Awesome Icons --><\/p>\n<p>&nbsp;<\/p>\n<p><style>\n        body {\n            font-family: 'Arial', sans-serif;\n            margin: 0;\n            padding: 0;\n            line-height: 1.6;\n            color: #333;\n            background-color: #f9f9f9;\n        }\n        .index-header {\n            background-color: #1a73e8; \/* Azul suave *\/\n            color: white;\n            text-align: center;\n            padding: 2rem 1rem;\n            width: 100%;\n        }\n        .index-header h1 {\n            font-size: 2.5rem;\n            margin: 0;\n        }\n        .index-header img {\n            max-width: 100%;\n            height: auto;\n            margin-top: 1rem;\n        }\n        .container {\n            max-width: 1200px;\n            margin: 0 auto;\n            padding: 1rem;\n        }\n        .gallery {\n            display: flex;\n            justify-content: center;\n            gap: 1rem;\n            margin-bottom: 2rem;\n        }\n        .gallery img {\n            max-width: 100%;\n            height: auto;\n            border-radius: 8px;\n        }\n        .section {\n            margin-bottom: 2rem;\n        }\n        .section h2 {\n            font-size: 2rem;\n            color: #1a73e8; \/* Azul suave *\/\n            margin-bottom: 1rem;\n        }\n        .contact-info {\n            display: flex;\n            flex-wrap: wrap;\n            gap: 1.5rem;\n            justify-content: center;\n        }\n        .contact-info .btn {\n            display: flex;\n            align-items: center;\n            justify-content: center;\n            background-color: #1a73e8; \/* Azul suave *\/\n            color: white;\n            padding: 1rem 1.5rem;\n            border-radius: 8px;\n            text-decoration: none;\n            font-weight: bold;\n            transition: transform 0.3s ease, box-shadow 0.3s ease;\n        }\n        .contact-info .btn:hover {\n            transform: translateY(-3px);\n            box-shadow: 0 4px 8px rgba(0, 0, 0, 0.2);\n        }\n        .contact-info .btn i {\n            margin-right: 0.5rem;\n        }\n        .card-container {\n            display: grid;\n            grid-template-columns: repeat(auto-fit, minmax(250px, 1fr));\n            gap: 1.5rem;\n        }\n        .card {\n            background-color: #ffffff;\n            border: 1px solid #ddd;\n            border-radius: 8px;\n            padding: 1.5rem;\n            box-shadow: 0 4px 6px rgba(0, 0, 0, 0.1);\n            transition: transform 0.3s ease, box-shadow 0.3s ease;\n        }\n        .card:hover {\n            transform: translateY(-5px);\n            box-shadow: 0 6px 12px rgba(0, 0, 0, 0.15);\n        }\n        .card h3 {\n            font-size: 1.2rem;\n            margin-bottom: 0.5rem;\n            color: #1a73e8; \/* Azul suave *\/\n        }\n        .card p {\n            margin: 0;\n            font-size: 0.9rem;\n        }\n        .card a {\n            color: #1a73e8; \/* Azul suave *\/\n            text-decoration: none;\n            font-weight: bold;\n        }\n        .card a:hover {\n            text-decoration: underline;\n        }\n        footer {\n            background-color: #1a73e8; \/* Azul suave *\/\n            color: white;\n            text-align: center;\n            padding: 1rem;\n            margin-top: 2rem;\n        }\n        footer a {\n            color: white;\n            text-decoration: none;\n        }\n        footer a:hover {\n            text-decoration: underline;\n        }\n        @media (max-width: 768px) {\n            header h1 {\n                font-size: 2rem;\n            }\n            .gallery {\n                flex-direction: column;\n            }\n        }\n    <\/style>\n<\/p>\n<header class=\"index-header\">\n<h1>Instituto Superior de Formaci\u00f3n Docente \u00abMar\u00eda In\u00e9s Elizalde\u00bb<\/h1>\n<\/header>\n<div class=\"container\">\n<div class=\"gallery\"><img decoding=\"async\" src=\"https:\/\/ieselizalde-ers.infd.edu.ar\/sitio\/wp-content\/uploads\/2025\/05\/38ecd53b-d11b-4c65-9257-e34ff106f099.png\" alt=\"Fotograf\u00eda de la escuela e In\u00e9s Elizalde\" \/><\/div>\n<div class=\"section\">\n<h2>Contacto<\/h2>\n<div class=\"contact-info\"><a class=\"btn\" href=\"https:\/\/www.google.com\/maps?q=Gervasio+M\u00e9ndez+676,+Gualeguaych\u00fa\" target=\"_blank\" rel=\"noopener\"> <i class=\"fas fa-map-marker-alt\"><\/i> Gervasio M\u00e9ndez 676, Gualeguaych\u00fa <\/a> <a class=\"btn\" href=\"tel:03446431324\"> <i class=\"fas fa-phone\"><\/i> Tel\u00e9fono: 03446-431324 <\/a> <a class=\"btn\" href=\"mailto:isfd.gh@entrerios.edu.ar\"> <i class=\"fas fa-envelope\"><\/i> isfd.gh@entrerios.edu.ar <\/a><\/div>\n<\/div>\n<div class=\"section\">\n<h2>Planes de Estudio<\/h2>\n<div class=\"card-container\">\n<div class=\"card\">\n<h3>Biolog\u00eda<\/h3>\n<p><a href=\"https:\/\/drive.google.com\/file\/d\/1iddAheT4DbAWDZpVPCwmynaEqFqvza9P\/view?usp=sharing\">Resoluci\u00f3n N\u00ba 0761\/14 CGE<\/a><\/p>\n<\/div>\n<div class=\"card\">\n<h3>Ciencia Pol\u00edtica<\/h3>\n<p><a href=\"https:\/\/drive.google.com\/file\/d\/11gu5piWsH5bMJSYdBFNbPF3FEeayYiMf\/view?usp=sharing\">Resoluci\u00f3n N\u00ba 4800\/15 CGE<\/a><\/p>\n<\/div>\n<div class=\"card\">\n<h3>F\u00edsica<\/h3>\n<p><a href=\"https:\/\/drive.google.com\/file\/d\/1gvRdFWu14JC-E-kZzKOCtI47BJWJPt1e\/view?usp=sharing\">Resoluci\u00f3n N\u00ba 0758\/14 CGE<\/a><\/p>\n<\/div>\n<div class=\"card\">\n<h3>Geograf\u00eda<\/h3>\n<p><a href=\"https:\/\/drive.google.com\/file\/d\/19Ghhi3w2UQP7RyyKHKTFZY3eBg5kbn8u\/view?usp=sharing\">Resoluci\u00f3n N\u00ba 0766\/14 CGE<\/a><\/p>\n<\/div>\n<div class=\"card\">\n<h3>Matem\u00e1tica<\/h3>\n<p><a href=\"https:\/\/drive.google.com\/file\/d\/1M5QOhYsS6ZqcbYxDogow-XYpjsZLJCMM\/view?usp=sharing\">Resoluci\u00f3n N\u00ba 0764\/14 CGE<\/a><\/p>\n<\/div>\n<div class=\"card\">\n<h3>Qu\u00edmica<\/h3>\n<p><a href=\"https:\/\/drive.google.com\/file\/d\/1BN7kMJkhM43AZLGJVfMRsgFrURMazPM_\/view?usp=sharing\">Resoluci\u00f3n N\u00ba 0762\/14 CGE<\/a><\/p>\n<\/div>\n<div class=\"card\">\n<h3>Enfermer\u00eda<\/h3>\n<p><a href=\"https:\/\/drive.google.com\/file\/d\/12cQHDQBwAHBcj5rFgMYT79uNpqa3qOgG\/view?usp=sharing\">Resoluci\u00f3n N\u00ba 0620\/15 CGE<\/a><\/p>\n<\/div>\n<\/div>\n<\/div>\n<div class=\"section\">\n<h2>Normativas<\/h2>\n<div class=\"card-container\">\n<div class=\"card\">\n<h3>Ley Nacional de Educaci\u00f3n<\/h3>\n<p><a href=\"https:\/\/ieselizalde-ers.infd.edu.ar\/sitio\/wp-content\/uploads\/sitio\/ley_de_educ_nac.pdf\">Descargar PDF<\/a><\/p>\n<\/div>\n<div class=\"card\">\n<h3>Ley Provincial de Educaci\u00f3n<\/h3>\n<p><a href=\"https:\/\/ieselizalde-ers.infd.edu.ar\/sitio\/wp-content\/uploads\/sitio\/ley9890leyprovincialdeeducacion.doc\">Descargar DOC<\/a><\/p>\n<\/div>\n<div class=\"card\">\n<h3>Ley de Educaci\u00f3n Superior<\/h3>\n<p><a href=\"https:\/\/ieselizalde-ers.infd.edu.ar\/sitio\/wp-content\/uploads\/sitio\/LEY_DE_EDUCACION_SUPERIOR.doc\">Descargar DOC<\/a><\/p>\n<\/div>\n<div class=\"card\">\n<h3>Estatuto del Docente Entrerriano<\/h3>\n<p><a href=\"https:\/\/ieselizalde-ers.infd.edu.ar\/sitio\/wp-content\/uploads\/sitio\/Estatuto_del_Docente_Entrerriano.doc\">Descargar DOC<\/a><\/p>\n<\/div>\n<\/div>\n<\/div>\n<\/div>\n<footer style=\"text-align: center; background-color: #333; color: white; padding: 1.5rem;\">\n<p>\u00a9 2025 Instituto Superior de Formaci\u00f3n Docente Mar\u00eda In\u00e9s Elizalde. Todos los derechos reservados.<\/p>\n<p>&nbsp;<\/p>\n<p><a href=\"mailto:isfd.gh@entrerios.edu.ar\">Email de Contacto<\/a><\/p>\n<\/footer>\n","protected":false},"excerpt":{"rendered":"<p>&nbsp; &nbsp; &nbsp; Instituto Superior de Formaci\u00f3n Docente \u00abMar\u00eda In\u00e9s Elizalde\u00bb Contacto Gervasio M\u00e9ndez 676, Gualeguaych\u00fa Tel\u00e9fono: 03446-431324 isfd.gh@entrerios.edu.ar Planes de Estudio Biolog\u00eda Resoluci\u00f3n N\u00ba 0761\/14 CGE Ciencia Pol\u00edtica Resoluci\u00f3n N\u00ba 4800\/15 CGE F\u00edsica Resoluci\u00f3n N\u00ba 0758\/14 CGE Geograf\u00eda Resoluci\u00f3n N\u00ba 0766\/14 CGE Matem\u00e1tica Resoluci\u00f3n N\u00ba 0764\/14 CGE Qu\u00edmica Resoluci\u00f3n N\u00ba 0762\/14 CGE Enfermer\u00eda Resoluci\u00f3n &#8230; <a title=\"Inicio\" class=\"read-more\" href=\"https:\/\/ieselizalde-ers.infd.edu.ar\/sitio\/\" aria-label=\"More on Inicio\">[+]<\/a><\/p>\n","protected":false},"author":1,"featured_media":0,"parent":0,"menu_order":0,"comment_status":"closed","ping_status":"closed","template":"","meta":[],"acf":[],"_links":{"self":[{"href":"https:\/\/ieselizalde-ers.infd.edu.ar\/sitio\/wp-json\/wp\/v2\/pages\/286"}],"collection":[{"href":"https:\/\/ieselizalde-ers.infd.edu.ar\/sitio\/wp-json\/wp\/v2\/pages"}],"about":[{"href":"https:\/\/ieselizalde-ers.infd.edu.ar\/sitio\/wp-json\/wp\/v2\/types\/page"}],"author":[{"embeddable":true,"href":"https:\/\/ieselizalde-ers.infd.edu.ar\/sitio\/wp-json\/wp\/v2\/users\/1"}],"replies":[{"embeddable":true,"href":"https:\/\/ieselizalde-ers.infd.edu.ar\/sitio\/wp-json\/wp\/v2\/comments?post=286"}],"version-history":[{"count":169,"href":"https:\/\/ieselizalde-ers.infd.edu.ar\/sitio\/wp-json\/wp\/v2\/pages\/286\/revisions"}],"predecessor-version":[{"id":1426,"href":"https:\/\/ieselizalde-ers.infd.edu.ar\/sitio\/wp-json\/wp\/v2\/pages\/286\/revisions\/1426"}],"wp:attachment":[{"href":"https:\/\/ieselizalde-ers.infd.edu.ar\/sitio\/wp-json\/wp\/v2\/media?parent=286"}],"curies":[{"name":"wp","href":"https:\/\/api.w.org\/{rel}","templated":true}]}}