{"id":884,"date":"2018-08-30T14:21:07","date_gmt":"2018-08-30T17:21:07","guid":{"rendered":"https:\/\/ieselizalde-ers.infd.edu.ar\/sitio\/datos-institucionales\/"},"modified":"2024-10-02T18:48:07","modified_gmt":"2024-10-02T21:48:07","slug":"datos-institucionales","status":"publish","type":"page","link":"https:\/\/ieselizalde-ers.infd.edu.ar\/sitio\/datos-institucionales\/","title":{"rendered":"Datos Institucionales"},"content":{"rendered":"\n<div class=\"wp-block-columns alignwide is-layout-flex wp-container-14\">\n<div class=\"wp-block-column is-layout-flow\"><h1 class=\"wp-block-site-title\"><a href=\"https:\/\/ieselizalde-ers.infd.edu.ar\/sitio\" target=\"_self\" rel=\"home\">Instituto de Formaci\u00f3n Docente Continua &quot;Mar\u00eda In\u00e9s Elizalde&quot;<\/a><\/h1>\n\n\n<div class=\"wp-block-columns is-layout-flex wp-container-12\">\n<div class=\"wp-block-column is-vertically-aligned-center is-layout-flow\"><div class=\"wp-block-image is-style-default\">\n<figure class=\"aligncenter size-full\"><img decoding=\"async\" loading=\"lazy\" width=\"640\" height=\"480\" src=\"https:\/\/ieselizalde-ers.infd.edu.ar\/sitio\/wp-content\/uploads\/2018\/08\/GEDC0794-640x480_2.jpg\" alt=\"IFDC Mar\u00eda In\u00e9s Elizalde\" class=\"wp-image-793\"\/><\/figure><\/div><\/div>\n\n\n\n<div class=\"wp-block-column is-vertically-aligned-center has-base-background-color has-background is-layout-flow\">\n<hr class=\"wp-block-separator has-text-color has-base-color has-alpha-channel-opacity has-base-background-color has-background is-style-default\"\/>\n\n\n\n<div class=\"wp-block-columns alignwide is-layout-flex wp-container-4\">\n<div class=\"wp-block-column is-vertically-aligned-center is-layout-flow\" style=\"flex-basis:33.33%\"><div class=\"wp-block-image\">\n<figure class=\"aligncenter size-full is-resized\"><img decoding=\"async\" loading=\"lazy\" src=\"https:\/\/ieselizalde-ers.infd.edu.ar\/sitio\/wp-content\/uploads\/2024\/08\/ubicacion.png\" alt=\"\" class=\"wp-image-1142\" width=\"77\" height=\"43\" srcset=\"https:\/\/ieselizalde-ers.infd.edu.ar\/sitio\/wp-content\/uploads\/2024\/08\/ubicacion.png 920w, https:\/\/ieselizalde-ers.infd.edu.ar\/sitio\/wp-content\/uploads\/2024\/08\/ubicacion-768x427.png 768w\" sizes=\"(max-width: 77px) 100vw, 77px\" \/><\/figure><\/div><\/div>\n\n\n\n<div class=\"wp-block-column is-vertically-aligned-center is-layout-flow\" style=\"flex-basis:66.66%\">\n<h5 class=\"wp-block-heading alignwide has-text-align-left has-accent-color has-text-color\"><em><a href=\"https:\/\/www.google.com\/maps\/place\/Isfd+Maria+Ines+Elizalde\/@-33.0121466,-58.5128859,15z\/data=!4m6!3m5!1s0x95baa828f3535547:0x2fb32aa456f7e671!8m2!3d-33.0121466!4d-58.5128859!16s%2Fg%2F1tfpwg3f?entry=ttu&amp;g_ep=EgoyMDI0MDgyOC4wIKXMDSoASAFQAw%3D%3D\" target=\"_blank\" rel=\"noreferrer noopener\">Gervasio M\u00e9ndez 676 Gualeguaych\u00fa<\/a><\/em><\/h5>\n<\/div>\n<\/div>\n\n\n\n<div class=\"wp-block-columns alignwide is-layout-flex wp-container-7\">\n<div class=\"wp-block-column is-vertically-aligned-center is-layout-flow\" style=\"flex-basis:33.33%\"><div class=\"wp-block-image\">\n<figure class=\"aligncenter size-full is-resized\"><img decoding=\"async\" loading=\"lazy\" src=\"https:\/\/ieselizalde-ers.infd.edu.ar\/sitio\/wp-content\/uploads\/2024\/08\/mail.png\" alt=\"\" class=\"wp-image-1143\" width=\"85\" height=\"48\" srcset=\"https:\/\/ieselizalde-ers.infd.edu.ar\/sitio\/wp-content\/uploads\/2024\/08\/mail.png 920w, https:\/\/ieselizalde-ers.infd.edu.ar\/sitio\/wp-content\/uploads\/2024\/08\/mail-768x427.png 768w\" sizes=\"(max-width: 85px) 100vw, 85px\" \/><\/figure><\/div><\/div>\n\n\n\n<div class=\"wp-block-column is-vertically-aligned-center is-layout-flow\" style=\"flex-basis:66.66%\">\n<h5 class=\"wp-block-heading alignwide has-text-align-left\"><em><a href=\"mailto:mariaineselizalde@entrerios.net\">isfd.gh@entrerios.edu.ar<\/a><\/em><\/h5>\n<\/div>\n<\/div>\n\n\n\n<div class=\"wp-block-columns alignwide is-layout-flex wp-container-10\">\n<div class=\"wp-block-column is-vertically-aligned-center is-layout-flow\" style=\"flex-basis:33.33%\"><div class=\"wp-block-image\">\n<figure class=\"aligncenter size-full is-resized\"><img decoding=\"async\" loading=\"lazy\" src=\"https:\/\/ieselizalde-ers.infd.edu.ar\/sitio\/wp-content\/uploads\/2024\/08\/web.png\" alt=\"\" class=\"wp-image-1141\" width=\"50\" height=\"50\" srcset=\"https:\/\/ieselizalde-ers.infd.edu.ar\/sitio\/wp-content\/uploads\/2024\/08\/web.png 920w, https:\/\/ieselizalde-ers.infd.edu.ar\/sitio\/wp-content\/uploads\/2024\/08\/web-500x500.png 500w, https:\/\/ieselizalde-ers.infd.edu.ar\/sitio\/wp-content\/uploads\/2024\/08\/web-768x768.png 768w\" sizes=\"(max-width: 50px) 100vw, 50px\" \/><\/figure><\/div><\/div>\n\n\n\n<div class=\"wp-block-column is-vertically-aligned-center is-layout-flow\" style=\"flex-basis:66.66%\">\n<h5 class=\"wp-block-heading alignwide\"><a href=\"https:\/\/ieselizalde.ers.infd.edu.ar\/sitio\/\">IFDC \u00abMar\u00eda In\u00e9s Elizalde\u00bb<\/a><\/h5>\n<\/div>\n<\/div>\n\n\n\n<hr class=\"wp-block-separator has-text-color has-base-color has-alpha-channel-opacity has-base-background-color has-background is-style-default\"\/>\n<\/div>\n<\/div>\n<\/div>\n<\/div>\n","protected":false},"excerpt":{"rendered":"<p>Gervasio M\u00e9ndez 676 Gualeguaych\u00fa isfd.gh@entrerios.edu.ar IFDC \u00abMar\u00eda In\u00e9s Elizalde\u00bb<\/p>\n","protected":false},"author":4927,"featured_media":0,"parent":0,"menu_order":0,"comment_status":"closed","ping_status":"closed","template":"","meta":[],"acf":[],"_links":{"self":[{"href":"https:\/\/ieselizalde-ers.infd.edu.ar\/sitio\/wp-json\/wp\/v2\/pages\/884"}],"collection":[{"href":"https:\/\/ieselizalde-ers.infd.edu.ar\/sitio\/wp-json\/wp\/v2\/pages"}],"about":[{"href":"https:\/\/ieselizalde-ers.infd.edu.ar\/sitio\/wp-json\/wp\/v2\/types\/page"}],"author":[{"embeddable":true,"href":"https:\/\/ieselizalde-ers.infd.edu.ar\/sitio\/wp-json\/wp\/v2\/users\/4927"}],"replies":[{"embeddable":true,"href":"https:\/\/ieselizalde-ers.infd.edu.ar\/sitio\/wp-json\/wp\/v2\/comments?post=884"}],"version-history":[{"count":9,"href":"https:\/\/ieselizalde-ers.infd.edu.ar\/sitio\/wp-json\/wp\/v2\/pages\/884\/revisions"}],"predecessor-version":[{"id":1150,"href":"https:\/\/ieselizalde-ers.infd.edu.ar\/sitio\/wp-json\/wp\/v2\/pages\/884\/revisions\/1150"}],"wp:attachment":[{"href":"https:\/\/ieselizalde-ers.infd.edu.ar\/sitio\/wp-json\/wp\/v2\/media?parent=884"}],"curies":[{"name":"wp","href":"https:\/\/api.w.org\/{rel}","templated":true}]}}