{"id":927,"date":"2018-08-30T14:21:28","date_gmt":"2018-08-30T17:21:28","guid":{"rendered":"https:\/\/ieselizalde-ers.infd.edu.ar\/sitio\/fisica\/"},"modified":"2025-09-15T20:48:55","modified_gmt":"2025-09-15T23:48:55","slug":"fisica","status":"publish","type":"page","link":"https:\/\/ieselizalde-ers.infd.edu.ar\/sitio\/fisica\/","title":{"rendered":"&#x1f52d; Profesorado de Educaci\u00f3n Secundaria en F\u00edsica"},"content":{"rendered":"\n<p>PRECEPTOR PROFESORA ORO\u00d1O ROSANA<\/p>\n\n\n<p data-start=\"2690\" data-end=\"2777\">&#x1f4cc; <strong data-start=\"2693\" data-end=\"2706\">Duraci\u00f3n:<\/strong> 4 a\u00f1os<br data-start=\"2713\" data-end=\"2716\" \/>&#x1f4cc; <strong data-start=\"2719\" data-end=\"2730\">T\u00edtulo:<\/strong> Profesor\/a de Educaci\u00f3n Secundaria en F\u00edsica<\/p>\n<p data-start=\"2779\" data-end=\"3026\">&#x1f539; <strong data-start=\"2782\" data-end=\"2803\">\u00bfDe qu\u00e9 se trata?<\/strong><br data-start=\"2803\" data-end=\"2806\" \/>Formaci\u00f3n docente orientada a ense\u00f1ar F\u00edsica en la escuela secundaria, combinando el dominio de conceptos y leyes fundamentales de la ciencia con recursos pedag\u00f3gicos que faciliten su comprensi\u00f3n y aplicaci\u00f3n pr\u00e1ctica.<\/p>\n<p data-start=\"3028\" data-end=\"3057\">&#x1f539; <strong data-start=\"3031\" data-end=\"3055\">\u00bfQu\u00e9 vas a aprender?<\/strong><\/p>\n<ul data-start=\"3058\" data-end=\"3490\">\n<li data-start=\"3058\" data-end=\"3170\">\n<p data-start=\"3060\" data-end=\"3170\"><strong data-start=\"3060\" data-end=\"3092\">Conocimientos disciplinares:<\/strong> mec\u00e1nica, termodin\u00e1mica, electromagnetismo, \u00f3ptica, ondas y f\u00edsica moderna.<\/p>\n<\/li>\n<li data-start=\"3171\" data-end=\"3263\">\n<p data-start=\"3173\" data-end=\"3263\"><strong data-start=\"3173\" data-end=\"3202\">Pr\u00e1cticas de laboratorio:<\/strong> experimentaci\u00f3n y dise\u00f1o de actividades para la ense\u00f1anza.<\/p>\n<\/li>\n<li data-start=\"3264\" data-end=\"3375\">\n<p data-start=\"3266\" data-end=\"3375\"><strong data-start=\"3266\" data-end=\"3303\">Formaci\u00f3n pedag\u00f3gica y did\u00e1ctica:<\/strong> estrategias para ense\u00f1ar F\u00edsica de forma accesible y contextualizada.<\/p>\n<\/li>\n<li data-start=\"3376\" data-end=\"3490\">\n<p data-start=\"3378\" data-end=\"3490\"><strong data-start=\"3378\" data-end=\"3403\">Innovaci\u00f3n educativa:<\/strong> uso de simuladores, software y tecnolog\u00edas aplicadas a la ense\u00f1anza de las ciencias.<\/p>\n<\/li>\n<\/ul>\n<p data-start=\"3492\" data-end=\"3639\">&#x1f539; <strong data-start=\"3495\" data-end=\"3513\">Campo laboral:<\/strong><br data-start=\"3513\" data-end=\"3516\" \/>Docencia en escuelas secundarias, institutos de formaci\u00f3n, proyectos de investigaci\u00f3n educativa y divulgaci\u00f3n cient\u00edfica.<\/p>\n<p data-start=\"3641\" data-end=\"3826\">&#x1f539; <strong data-start=\"3644\" data-end=\"3670\">Perfil del egresado\/a:<\/strong><br data-start=\"3670\" data-end=\"3673\" \/>Docente preparado\/a para transmitir la F\u00edsica como una ciencia fundamental para comprender la naturaleza, la tecnolog\u00eda y el desarrollo de la sociedad.<\/p>\n\n\n<h2 class=\"wp-block-heading\">Materias por A\u00f1o<\/h2>\n\n\n\n<figure class=\"wp-block-table\"><table><thead><tr><th>A\u00f1o<\/th><th>Espacios curriculares<\/th><\/tr><\/thead><tbody><tr><td><strong>1\u00b0<\/strong><\/td><td><strong>Pedagog\u00eda<br>Corporeidad, Juego y Lenguajes Art\u00edsticos<br>Oralidad, Lectura, Escritura y TIC<br>Did\u00e1ctica General. <br>Fen\u00f3menos Mec\u00e1nicos I<br>Matem\u00e1tica I<br>Fundamentos de la Qu\u00edmica F\u00edsica<br>Biolog\u00eda<br>Ciencias de la Tierra. <br>Pr\u00e1ctica Docente I<\/strong><\/td><\/tr><tr><td><strong>2\u00b0<\/strong><\/td><td><strong>Filosof\u00eda<br>Psicolog\u00eda Educacional<br>Educaci\u00f3n Sexual Integral<br>Historia Social y Pol\u00edtica Argentina y Latinoamericana.<br>Fen\u00f3menos Mec\u00e1nicos II<br>Fen\u00f3menos Termodin\u00e1micos<br>Did\u00e1ctica de las Ciencias Naturales<br>Matem\u00e1tica II<br>Sujetos de la Educaci\u00f3n Secundaria<br>Pr\u00e1ctica Docente II<\/strong><\/td><\/tr><tr><td><strong>3\u00b0<\/strong><\/td><td><strong>An\u00e1lisis y Organizaci\u00f3n de las Instituciones Educativas<br>Historia de la Educaci\u00f3n Argentina<br>Sociolog\u00eda de la Educaci\u00f3n<br>Fen\u00f3menos Ondulatorios<br>Fen\u00f3menos El\u00e9ctricos y Magn\u00e9ticos<br>Did\u00e1ctica de la F\u00edsica<br>Epistemolog\u00eda de la F\u00edsica<br>U.D.I.<br>Pr\u00e1ctica Docente III<\/strong><\/td><\/tr><tr><td><strong>4\u00b0<\/strong><\/td><td><strong>Derechos Humanos: \u00c9tica y Ciudadan\u00eda. <br>Problem\u00e1ticas Actuales de la F\u00edsica<br>Producci\u00f3n Cient\u00edfica y Sociedad<br>Elementos de F\u00edsica At\u00f3mica<br>Elementos de F\u00edsica Cu\u00e1ntica y Relatividad<br>Astrof\u00edsica<br>U.D.I.<br>Pr\u00e1ctica Docente IV <\/strong><\/td><\/tr><\/tbody><\/table><\/figure>\n","protected":false},"excerpt":{"rendered":"<p>PRECEPTOR PROFESORA ORO\u00d1O ROSANA &#x1f4cc; Duraci\u00f3n: 4 a\u00f1os&#x1f4cc; T\u00edtulo: Profesor\/a de Educaci\u00f3n Secundaria en F\u00edsica &#x1f539; \u00bfDe qu\u00e9 se trata?Formaci\u00f3n docente orientada a ense\u00f1ar F\u00edsica en la escuela secundaria, combinando el dominio de conceptos y leyes fundamentales de la ciencia con recursos pedag\u00f3gicos que faciliten su comprensi\u00f3n y aplicaci\u00f3n pr\u00e1ctica. &#x1f539; \u00bfQu\u00e9 vas a aprender? &#8230; <a title=\"&#x1f52d; Profesorado de Educaci\u00f3n Secundaria en F\u00edsica\" class=\"read-more\" href=\"https:\/\/ieselizalde-ers.infd.edu.ar\/sitio\/fisica\/\" aria-label=\"More on &#x1f52d; Profesorado de Educaci\u00f3n Secundaria en F\u00edsica\">[+]<\/a><\/p>\n","protected":false},"author":588,"featured_media":0,"parent":0,"menu_order":0,"comment_status":"closed","ping_status":"closed","template":"","meta":[],"acf":[],"_links":{"self":[{"href":"https:\/\/ieselizalde-ers.infd.edu.ar\/sitio\/wp-json\/wp\/v2\/pages\/927"}],"collection":[{"href":"https:\/\/ieselizalde-ers.infd.edu.ar\/sitio\/wp-json\/wp\/v2\/pages"}],"about":[{"href":"https:\/\/ieselizalde-ers.infd.edu.ar\/sitio\/wp-json\/wp\/v2\/types\/page"}],"author":[{"embeddable":true,"href":"https:\/\/ieselizalde-ers.infd.edu.ar\/sitio\/wp-json\/wp\/v2\/users\/588"}],"replies":[{"embeddable":true,"href":"https:\/\/ieselizalde-ers.infd.edu.ar\/sitio\/wp-json\/wp\/v2\/comments?post=927"}],"version-history":[{"count":5,"href":"https:\/\/ieselizalde-ers.infd.edu.ar\/sitio\/wp-json\/wp\/v2\/pages\/927\/revisions"}],"predecessor-version":[{"id":1448,"href":"https:\/\/ieselizalde-ers.infd.edu.ar\/sitio\/wp-json\/wp\/v2\/pages\/927\/revisions\/1448"}],"wp:attachment":[{"href":"https:\/\/ieselizalde-ers.infd.edu.ar\/sitio\/wp-json\/wp\/v2\/media?parent=927"}],"curies":[{"name":"wp","href":"https:\/\/api.w.org\/{rel}","templated":true}]}}