{"id":929,"date":"2018-08-30T14:21:29","date_gmt":"2018-08-30T17:21:29","guid":{"rendered":"https:\/\/ieselizalde-ers.infd.edu.ar\/sitio\/geografia\/"},"modified":"2025-09-15T20:26:50","modified_gmt":"2025-09-15T23:26:50","slug":"geografia","status":"publish","type":"page","link":"https:\/\/ieselizalde-ers.infd.edu.ar\/sitio\/geografia\/","title":{"rendered":"&#x1f30d; Profesorado de Educaci\u00f3n Secundaria en Geograf\u00eda"},"content":{"rendered":"\n<p>PRECEPTOR PROFESOR LISSMANN MARIO<\/p>\n\n\n\n<p>&#x1f4cc; <strong>Duraci\u00f3n:<\/strong> 4 a\u00f1os<br>&#x1f4cc; <strong>T\u00edtulo:<\/strong> Profesor\/a de Educaci\u00f3n Secundaria en Geograf\u00eda<\/p>\n\n\n\n<p>&#x1f539; <strong>\u00bfDe qu\u00e9 se trata?<\/strong><br>Es una carrera de formaci\u00f3n docente que prepara profesionales capaces de ense\u00f1ar Geograf\u00eda en la escuela secundaria. Aporta una mirada integral sobre el territorio, la sociedad y el ambiente, combinando conocimientos cient\u00edficos con competencias pedag\u00f3gicas para formar ciudadanos cr\u00edticos y comprometidos con la realidad local, nacional y global.<\/p>\n\n\n\n<p>&#x1f539; <strong>\u00bfQu\u00e9 vas a aprender?<\/strong><\/p>\n\n\n\n<ul>\n<li><strong>Conocimientos disciplinares:<\/strong> geograf\u00eda f\u00edsica, humana, econ\u00f3mica, pol\u00edtica y regional.<\/li>\n\n\n\n<li><strong>Herramientas de an\u00e1lisis territorial:<\/strong> cartograf\u00eda, teledetecci\u00f3n, sistemas de informaci\u00f3n geogr\u00e1fica (SIG) y nuevas tecnolog\u00edas aplicadas a la ense\u00f1anza.<\/li>\n\n\n\n<li><strong>Formaci\u00f3n pedag\u00f3gica y did\u00e1ctica:<\/strong> planificaci\u00f3n de clases, estrategias innovadoras de ense\u00f1anza y evaluaci\u00f3n de aprendizajes.<\/li>\n\n\n\n<li><strong>Pr\u00e1cticas docentes:<\/strong> inserci\u00f3n en escuelas desde los primeros a\u00f1os de la carrera para vincular teor\u00eda y pr\u00e1ctica.<\/li>\n<\/ul>\n\n\n\n<p>&#x1f539; <strong>Campo laboral:<\/strong><\/p>\n\n\n\n<ul>\n<li>Ejercer como profesor\/a de Geograf\u00eda en <strong>escuelas secundarias<\/strong> y en <strong>institutos de formaci\u00f3n<\/strong>.<\/li>\n\n\n\n<li>Participar en <strong>proyectos socioambientales, de investigaci\u00f3n y extensi\u00f3n educativa<\/strong>.<\/li>\n\n\n\n<li>Colaborar en la producci\u00f3n de materiales educativos, actividades culturales y proyectos comunitarios vinculados al territorio y el ambiente.<\/li>\n<\/ul>\n\n\n\n<p>&#x1f539; <strong>Perfil del egresado\/a:<\/strong><br>Un\/a docente con s\u00f3lida formaci\u00f3n en los saberes geogr\u00e1ficos y did\u00e1cticos, capaz de promover aprendizajes significativos, fomentar la conciencia ambiental y desarrollar en los estudiantes una comprensi\u00f3n cr\u00edtica de las din\u00e1micas sociales y territoriales del mundo contempor\u00e1neo.<\/p>\n\n\n\n<p><strong>Materias por a\u00f1o<\/strong><\/p>\n\n\n\n<figure class=\"wp-block-table\"><table><thead><tr><th>A\u00f1o<\/th><th>Espacios curriculares<\/th><\/tr><\/thead><tbody><tr><td><strong>1\u00b0<\/strong><\/td><td><strong>Pedagog\u00eda<br>Corporeidad, Juego y Lenguajes Art\u00edsticos<br>Oralidad, Lectura, Escritura y TIC<br>Did\u00e1ctica General. <br>T\u00e9cnicas de la Representaci\u00f3n Cartogr\u00e1fica I<br>Naturaleza y Sociedad I<br>Paisajes Geogr\u00e1ficos Mundiales<br>Espacios Urbanos y Rurales en el Mundo Contempor\u00e1neo<br>Geograf\u00eda de Entre R\u00edos<br>Pr\u00e1ctica Docente I<\/strong><\/td><\/tr><tr><td><strong>2\u00b0<\/strong><\/td><td><strong>Filosof\u00eda<br>Psicolog\u00eda Educacional<br>Educaci\u00f3n Sexual Integral<br>Historia Social y Pol\u00edtica Argentina y Latinoamericana.<br>Organizaci\u00f3n del Espacio Geogr\u00e1fico Americano<\/strong><br><strong>Turismo y Desarrollo Local<br>Sistema Urbano y Desarrollo Rural Argentino<br>Did\u00e1ctica de las Ciencias Sociales<br>Sujetos de la Educaci\u00f3n Secundaria<br>Pr\u00e1ctica Docente II<\/strong><\/td><\/tr><tr><td><strong>3\u00b0<\/strong><\/td><td><strong>An\u00e1lisis y Organizaci\u00f3n de las Instituciones Educativas<br>Historia de la Educaci\u00f3n Argentina<br>Sociolog\u00eda de la Educaci\u00f3n<br>Organizaci\u00f3n del Espacio Geogr\u00e1fico Argentino<br>Naturaleza y Sociedad II<br>Did\u00e1ctica de la Geograf\u00eda<br>Epistemolog\u00eda de la Geograf\u00eda<br>U.D.I.<br>Pr\u00e1ctica Docente III<\/strong><\/td><\/tr><tr><td><strong>4\u00b0<\/strong><\/td><td><strong>Derechos Humanos: \u00c9tica y Ciudadan\u00eda. <br>Geograf\u00eda Econ\u00f3mica<br>Culturas y Problem\u00e1ticas Ambientales<br>Geograf\u00eda Pol\u00edtica y Cultural<br>Geotecnolog\u00eda<br>Seminario en Geograf\u00eda<br>U.D.I.<br>Pr\u00e1ctica Docente IV <\/strong><\/td><\/tr><\/tbody><\/table><\/figure>\n","protected":false},"excerpt":{"rendered":"<p>PRECEPTOR PROFESOR LISSMANN MARIO &#x1f4cc; Duraci\u00f3n: 4 a\u00f1os&#x1f4cc; T\u00edtulo: Profesor\/a de Educaci\u00f3n Secundaria en Geograf\u00eda &#x1f539; \u00bfDe qu\u00e9 se trata?Es una carrera de formaci\u00f3n docente que prepara profesionales capaces de ense\u00f1ar Geograf\u00eda en la escuela secundaria. Aporta una mirada integral sobre el territorio, la sociedad y el ambiente, combinando conocimientos cient\u00edficos con competencias pedag\u00f3gicas para &#8230; <a title=\"&#x1f30d; Profesorado de Educaci\u00f3n Secundaria en Geograf\u00eda\" class=\"read-more\" href=\"https:\/\/ieselizalde-ers.infd.edu.ar\/sitio\/geografia\/\" aria-label=\"More on &#x1f30d; Profesorado de Educaci\u00f3n Secundaria en Geograf\u00eda\">[+]<\/a><\/p>\n","protected":false},"author":588,"featured_media":0,"parent":0,"menu_order":0,"comment_status":"closed","ping_status":"closed","template":"","meta":[],"acf":[],"_links":{"self":[{"href":"https:\/\/ieselizalde-ers.infd.edu.ar\/sitio\/wp-json\/wp\/v2\/pages\/929"}],"collection":[{"href":"https:\/\/ieselizalde-ers.infd.edu.ar\/sitio\/wp-json\/wp\/v2\/pages"}],"about":[{"href":"https:\/\/ieselizalde-ers.infd.edu.ar\/sitio\/wp-json\/wp\/v2\/types\/page"}],"author":[{"embeddable":true,"href":"https:\/\/ieselizalde-ers.infd.edu.ar\/sitio\/wp-json\/wp\/v2\/users\/588"}],"replies":[{"embeddable":true,"href":"https:\/\/ieselizalde-ers.infd.edu.ar\/sitio\/wp-json\/wp\/v2\/comments?post=929"}],"version-history":[{"count":5,"href":"https:\/\/ieselizalde-ers.infd.edu.ar\/sitio\/wp-json\/wp\/v2\/pages\/929\/revisions"}],"predecessor-version":[{"id":1440,"href":"https:\/\/ieselizalde-ers.infd.edu.ar\/sitio\/wp-json\/wp\/v2\/pages\/929\/revisions\/1440"}],"wp:attachment":[{"href":"https:\/\/ieselizalde-ers.infd.edu.ar\/sitio\/wp-json\/wp\/v2\/media?parent=929"}],"curies":[{"name":"wp","href":"https:\/\/api.w.org\/{rel}","templated":true}]}}