{"id":930,"date":"2018-08-30T14:21:30","date_gmt":"2018-08-30T17:21:30","guid":{"rendered":"https:\/\/ieselizalde-ers.infd.edu.ar\/sitio\/biologia\/"},"modified":"2025-09-15T20:38:33","modified_gmt":"2025-09-15T23:38:33","slug":"biologia","status":"publish","type":"page","link":"https:\/\/ieselizalde-ers.infd.edu.ar\/sitio\/biologia\/","title":{"rendered":"&#x1f9ec; Profesorado de Educaci\u00f3n Secundaria en Biolog\u00eda"},"content":{"rendered":"\n<p>PRECEPTOR PROFESOR SILVA ALFREDO<\/p>\n\n\n\n<p>&#x1f4cc; <strong>Duraci\u00f3n:<\/strong> 4 a\u00f1os<br>&#x1f4cc; <strong>T\u00edtulo:<\/strong> Profesor\/a de Educaci\u00f3n Secundaria en Biolog\u00eda<\/p>\n\n\n\n<p>&#x1f539; <strong>\u00bfDe qu\u00e9 se trata?<\/strong><br>Formaci\u00f3n docente para ense\u00f1ar Biolog\u00eda en el nivel secundario, integrando conocimientos cient\u00edficos sobre los seres vivos, la salud y el ambiente, con herramientas pedag\u00f3gicas para promover aprendizajes significativos y conciencia socioambiental.<\/p>\n\n\n\n<p>&#x1f539; <strong>\u00bfQu\u00e9 vas a aprender?<\/strong><\/p>\n\n\n\n<ul>\n<li><strong>Conocimientos disciplinares:<\/strong> biolog\u00eda celular y molecular, gen\u00e9tica, evoluci\u00f3n, anatom\u00eda y fisiolog\u00eda, ecolog\u00eda y microbiolog\u00eda.<\/li>\n\n\n\n<li><strong>Formaci\u00f3n pedag\u00f3gica y did\u00e1ctica:<\/strong> estrategias de ense\u00f1anza de las ciencias naturales, planificaci\u00f3n y evaluaci\u00f3n.<\/li>\n\n\n\n<li><strong>Pr\u00e1cticas docentes:<\/strong> experiencias en escuelas desde los primeros a\u00f1os de la carrera.<\/li>\n\n\n\n<li><strong>Perspectiva socioambiental:<\/strong> reflexionar sobre problem\u00e1ticas actuales como biodiversidad, salud y sustentabilidad.<\/li>\n<\/ul>\n\n\n\n<p>&#x1f539; <strong>Campo laboral:<\/strong><br>Ense\u00f1anza en escuelas secundarias, institutos, proyectos ambientales, investigaci\u00f3n educativa y programas de divulgaci\u00f3n cient\u00edfica.<\/p>\n\n\n\n<p>&#x1f539; <strong>Perfil del egresado\/a:<\/strong><br>Docente con s\u00f3lida formaci\u00f3n cient\u00edfica y pedag\u00f3gica, capaz de despertar inter\u00e9s por la vida y la naturaleza, fomentar pensamiento cr\u00edtico y promover conductas responsables hacia el ambiente.<\/p>\n\n\n\n<h2 class=\"wp-block-heading\">Materias<\/h2>\n\n\n\n<figure class=\"wp-block-table\"><table><thead><tr><th>A\u00f1o<\/th><th>Espacios curriculares<\/th><\/tr><\/thead><tbody><tr><td><strong>1\u00b0<\/strong><\/td><td><strong>Pedagog\u00eda; <br>Corporeidad, Juego y Lenguajes Art\u00edsticos<br>Oralidad, Lectura, Escritura y TIC<br>Did\u00e1ctica General<\/strong><br><strong>Biolog\u00eda General<\/strong>;<br><strong>Matem\u00e1tica<\/strong>;<br><strong>Qu\u00edmica<\/strong><br><strong>F\u00edsica<\/strong><br><strong>Ciencias de la Tierra<\/strong><br><strong>Pr\u00e1ctica Docente I<\/strong><\/td><\/tr><tr><td><strong>2\u00b0<\/strong><\/td><td><strong>Filosof\u00eda<br>Psicolog\u00eda Educacional<br>Educaci\u00f3n Sexual Integral<br>Historia Social y Pol\u00edtica Argentina y Latinoamericana<\/strong><br><strong>Biolog\u00eda Celular y Molecular<\/strong><br><strong>Reinos Unicelulares<\/strong><br><strong>Biolog\u00eda Humana<\/strong><br><strong>Did\u00e1ctica de las Ciencias Naturales<\/strong><br><strong>Sujetos de la Educaci\u00f3n Secundaria<\/strong><br><strong>Pr\u00e1ctica Docente II<\/strong><\/td><\/tr><tr><td><strong>3\u00b0<\/strong><\/td><td><strong>An\u00e1lisis y Organizaci\u00f3n de las Instituciones Educativas<br>Historia de la Educaci\u00f3n Argentina<br>Sociolog\u00eda de la Educaci\u00f3n<br>Reinos Pluricelulares<br>Reino Animal<br>Epistemolog\u00eda de la Biolog\u00eda<br>Did\u00e1ctica de la Biolog\u00eda<br>U.D.I. (Unidad de Definici\u00f3n Institucional)<\/strong><br><strong>Pr\u00e1ctica Docente III<\/strong><\/td><\/tr><tr><td><strong>4\u00b0<\/strong><\/td><td><strong>Derechos Humanos: \u00c9tica y Ciudadan\u00eda<\/strong><br><strong>Salud y Ambiente<\/strong><br><strong>Evoluci\u00f3n<\/strong><br><strong>Ecolog\u00eda<\/strong><br><strong>Gen\u00e9tica<\/strong><br><strong>U.D.I.<\/strong><br><strong>Pr\u00e1ctica Docente IV: Residencia<\/strong>.<\/td><\/tr><\/tbody><\/table><\/figure>\n","protected":false},"excerpt":{"rendered":"<p>PRECEPTOR PROFESOR SILVA ALFREDO &#x1f4cc; Duraci\u00f3n: 4 a\u00f1os&#x1f4cc; T\u00edtulo: Profesor\/a de Educaci\u00f3n Secundaria en Biolog\u00eda &#x1f539; \u00bfDe qu\u00e9 se trata?Formaci\u00f3n docente para ense\u00f1ar Biolog\u00eda en el nivel secundario, integrando conocimientos cient\u00edficos sobre los seres vivos, la salud y el ambiente, con herramientas pedag\u00f3gicas para promover aprendizajes significativos y conciencia socioambiental. &#x1f539; \u00bfQu\u00e9 vas a aprender? &#8230; <a title=\"&#x1f9ec; Profesorado de Educaci\u00f3n Secundaria en Biolog\u00eda\" class=\"read-more\" href=\"https:\/\/ieselizalde-ers.infd.edu.ar\/sitio\/biologia\/\" aria-label=\"More on &#x1f9ec; Profesorado de Educaci\u00f3n Secundaria en Biolog\u00eda\">[+]<\/a><\/p>\n","protected":false},"author":588,"featured_media":0,"parent":0,"menu_order":0,"comment_status":"closed","ping_status":"closed","template":"","meta":[],"acf":[],"_links":{"self":[{"href":"https:\/\/ieselizalde-ers.infd.edu.ar\/sitio\/wp-json\/wp\/v2\/pages\/930"}],"collection":[{"href":"https:\/\/ieselizalde-ers.infd.edu.ar\/sitio\/wp-json\/wp\/v2\/pages"}],"about":[{"href":"https:\/\/ieselizalde-ers.infd.edu.ar\/sitio\/wp-json\/wp\/v2\/types\/page"}],"author":[{"embeddable":true,"href":"https:\/\/ieselizalde-ers.infd.edu.ar\/sitio\/wp-json\/wp\/v2\/users\/588"}],"replies":[{"embeddable":true,"href":"https:\/\/ieselizalde-ers.infd.edu.ar\/sitio\/wp-json\/wp\/v2\/comments?post=930"}],"version-history":[{"count":7,"href":"https:\/\/ieselizalde-ers.infd.edu.ar\/sitio\/wp-json\/wp\/v2\/pages\/930\/revisions"}],"predecessor-version":[{"id":1444,"href":"https:\/\/ieselizalde-ers.infd.edu.ar\/sitio\/wp-json\/wp\/v2\/pages\/930\/revisions\/1444"}],"wp:attachment":[{"href":"https:\/\/ieselizalde-ers.infd.edu.ar\/sitio\/wp-json\/wp\/v2\/media?parent=930"}],"curies":[{"name":"wp","href":"https:\/\/api.w.org\/{rel}","templated":true}]}}