{"id":933,"date":"2018-08-30T14:21:31","date_gmt":"2018-08-30T17:21:31","guid":{"rendered":"https:\/\/ieselizalde-ers.infd.edu.ar\/sitio\/tecnicatura-superior-en-enfermeria\/"},"modified":"2025-09-26T20:12:38","modified_gmt":"2025-09-26T23:12:38","slug":"tecnicatura-superior-en-enfermeria","status":"publish","type":"page","link":"https:\/\/ieselizalde-ers.infd.edu.ar\/sitio\/tecnicatura-superior-en-enfermeria\/","title":{"rendered":"&#x1fa7a; Tecnicatura Superior en Enfermer\u00eda"},"content":{"rendered":"\n<p>PRECEPTOR PROFESORA JOHANNA MAETTA<\/p>\n\n\n\n<p>&#x1f4cc; <strong>Duraci\u00f3n:<\/strong> 3 a\u00f1os<br>&#x1f4cc; <strong>T\u00edtulo:<\/strong> T\u00e9cnico\/a Superior en Enfermer\u00eda<\/p>\n\n\n\n<p>&#x1f539; <strong>\u00bfDe qu\u00e9 se trata?<\/strong><br>Es una carrera de nivel superior que forma profesionales de la salud con conocimientos, competencias y valores para brindar cuidados integrales a personas, familias y comunidades en diferentes contextos. Combina saberes cient\u00edficos, t\u00e9cnicos y humanos, con un fuerte compromiso \u00e9tico y social.<\/p>\n\n\n\n<p>&#x1f539; <strong>\u00bfQu\u00e9 vas a aprender?<\/strong><\/p>\n\n\n\n<ul>\n<li><strong>Ciencias b\u00e1sicas de la salud:<\/strong> anatom\u00eda, fisiolog\u00eda, microbiolog\u00eda, farmacolog\u00eda y nutrici\u00f3n.<\/li>\n\n\n\n<li><strong>Enfermer\u00eda general y especializada:<\/strong> cuidados en distintas etapas de la vida (ni\u00f1ez, adolescencia, adultez y vejez), salud materno-infantil, salud mental y comunitaria.<\/li>\n\n\n\n<li><strong>Procedimientos cl\u00ednicos y hospitalarios:<\/strong> t\u00e9cnicas de cuidado, control de signos vitales, administraci\u00f3n de medicamentos y asistencia en tratamientos.<\/li>\n\n\n\n<li><strong>Formaci\u00f3n \u00e9tica y profesional:<\/strong> comunicaci\u00f3n con pacientes, trabajo en equipo interdisciplinario y responsabilidad social.<\/li>\n\n\n\n<li><strong>Pr\u00e1cticas profesionalizantes:<\/strong> desde los primeros a\u00f1os, en hospitales, centros de salud y comunidades.<\/li>\n<\/ul>\n\n\n\n<p>&#x1f539; <strong>Campo laboral:<\/strong><\/p>\n\n\n\n<ul>\n<li>Desempe\u00f1o en <strong>hospitales, cl\u00ednicas, centros de salud y sanatorios<\/strong>, tanto p\u00fablicos como privados.<\/li>\n\n\n\n<li>Participaci\u00f3n en programas de <strong>prevenci\u00f3n, promoci\u00f3n de la salud y atenci\u00f3n primaria<\/strong>.<\/li>\n\n\n\n<li>Integraci\u00f3n en equipos de salud comunitaria e instituciones educativas o sociales.<\/li>\n<\/ul>\n\n\n\n<p>&#x1f539; <strong>Perfil del egresado\/a:<\/strong><br>Un\/a profesional con capacidad t\u00e9cnica y humana para brindar cuidados seguros y de calidad, promover h\u00e1bitos saludables, colaborar en la recuperaci\u00f3n de la salud y acompa\u00f1ar en los procesos de vida de las personas con sensibilidad, respeto y compromiso \u00e9tico.<\/p>\n\n\n\n<h2 class=\"wp-block-heading\">Materias<\/h2>\n\n\n\n<figure class=\"wp-block-table\"><table><thead><tr><th>A\u00f1o<\/th><th>Espacios curriculares<\/th><\/tr><\/thead><tbody><tr><td><strong>1\u00b0<\/strong><\/td><td>Introducci\u00f3n y Fundamentos de los Cuidados de Enfermer\u00eda <br>Anatom\u00eda y Fisiolog\u00eda<br>Bioqu\u00edmica; Biof\u00edsica; Bio\u00e9tica y Deontolog\u00eda<br>Metodolog\u00eda de la Investigaci\u00f3n I; Salud P\u00fablica<br>Farmacolog\u00eda I; Conocimiento de la Realidad Social en el Contexto Global<br>Microbiolog\u00eda y Parasitolog\u00eda<br>Primeros Auxilios<br>Pr\u00e1cticas Profesionalizantes I.<br>UDI I<\/td><\/tr><tr><td><strong>2\u00b0<\/strong><\/td><td>Cuidados de Enfermer\u00eda del Adulto y Anciano<br>Enfermer\u00eda en Salud Mental y Psiquiatr\u00eda<br>Aspectos Psicosociales y Culturales del Desarrollo<br>Proceso Social Aplicado en el Contexto de Salud<br>Metodolog\u00eda de la Investigaci\u00f3n II<br>Alimentaci\u00f3n, Nutrici\u00f3n y Dietoterapia<br>Enfermer\u00eda en Salud Comunitaria<br>Fa<strong>rm<\/strong>acolog\u00eda II<br>Cuidados Integrados basados en la Evidencia I<br>Idioma Extranjero: Ingl\u00e9s T\u00e9cnico<br>Pr\u00e1cticas Profesionalizantes II.<br>UDI II<\/td><\/tr><tr><td><strong>3\u00b0<\/strong><\/td><td>Enfermer\u00eda de la Madre, Ni\u00f1o y Adolescentes<br>Administraci\u00f3n y Gesti\u00f3n de los Recursos en Enfermer\u00eda<br>Comunicaci\u00f3n y Educaci\u00f3n<br>Marcos Legales<br>Urgencia y Emergencia<br>Inform\u00e1tica<br>Cuidados Integrados basados en la Evidencia II<br>Idioma Extranjero: Portugu\u00e9s<br>Derechos Humanos<br>Seminario de Investigaci\u00f3n<br>Pr\u00e1cticas Profesionalizantes III.<br>UDI III<\/td><\/tr><\/tbody><\/table><\/figure>\n\n\n<p>\u00a0<\/p>\n<p><img decoding=\"async\" loading=\"lazy\" class=\"\" src=\"https:\/\/ieselizalde-ers.infd.edu.ar\/sitio\/wp-content\/uploads\/2018\/08\/P1240102.jpg\" width=\"489\" height=\"367\" border=\"0\" \/>\u00a0<img decoding=\"async\" loading=\"lazy\" class=\"alignnone\" src=\"https:\/\/ieselizalde-ers.infd.edu.ar\/sitio\/wp-content\/uploads\/2018\/08\/P1240104.jpg\" width=\"490\" height=\"368\" border=\"0\" \/><\/p>","protected":false},"excerpt":{"rendered":"<p>PRECEPTOR PROFESORA JOHANNA MAETTA &#x1f4cc; Duraci\u00f3n: 3 a\u00f1os&#x1f4cc; T\u00edtulo: T\u00e9cnico\/a Superior en Enfermer\u00eda &#x1f539; \u00bfDe qu\u00e9 se trata?Es una carrera de nivel superior que forma profesionales de la salud con conocimientos, competencias y valores para brindar cuidados integrales a personas, familias y comunidades en diferentes contextos. Combina saberes cient\u00edficos, t\u00e9cnicos y humanos, con un fuerte &#8230; <a title=\"&#x1fa7a; Tecnicatura Superior en Enfermer\u00eda\" class=\"read-more\" href=\"https:\/\/ieselizalde-ers.infd.edu.ar\/sitio\/tecnicatura-superior-en-enfermeria\/\" aria-label=\"More on &#x1fa7a; Tecnicatura Superior en Enfermer\u00eda\">[+]<\/a><\/p>\n","protected":false},"author":588,"featured_media":0,"parent":0,"menu_order":0,"comment_status":"closed","ping_status":"closed","template":"","meta":[],"acf":[],"_links":{"self":[{"href":"https:\/\/ieselizalde-ers.infd.edu.ar\/sitio\/wp-json\/wp\/v2\/pages\/933"}],"collection":[{"href":"https:\/\/ieselizalde-ers.infd.edu.ar\/sitio\/wp-json\/wp\/v2\/pages"}],"about":[{"href":"https:\/\/ieselizalde-ers.infd.edu.ar\/sitio\/wp-json\/wp\/v2\/types\/page"}],"author":[{"embeddable":true,"href":"https:\/\/ieselizalde-ers.infd.edu.ar\/sitio\/wp-json\/wp\/v2\/users\/588"}],"replies":[{"embeddable":true,"href":"https:\/\/ieselizalde-ers.infd.edu.ar\/sitio\/wp-json\/wp\/v2\/comments?post=933"}],"version-history":[{"count":5,"href":"https:\/\/ieselizalde-ers.infd.edu.ar\/sitio\/wp-json\/wp\/v2\/pages\/933\/revisions"}],"predecessor-version":[{"id":1456,"href":"https:\/\/ieselizalde-ers.infd.edu.ar\/sitio\/wp-json\/wp\/v2\/pages\/933\/revisions\/1456"}],"wp:attachment":[{"href":"https:\/\/ieselizalde-ers.infd.edu.ar\/sitio\/wp-json\/wp\/v2\/media?parent=933"}],"curies":[{"name":"wp","href":"https:\/\/api.w.org\/{rel}","templated":true}]}}